{"id":403741,"date":"2026-02-14T13:14:57","date_gmt":"2026-02-14T13:14:57","guid":{"rendered":"https:\/\/book-a-book.eu\/poisk-knig-pod-zakaz\/"},"modified":"2026-02-14T13:21:09","modified_gmt":"2026-02-14T13:21:09","slug":"poisk-knig-pod-zakaz","status":"publish","type":"page","link":"https:\/\/book-a-book.eu\/lt\/poisk-knig-pod-zakaz\/","title":{"rendered":"Knyg\u0173 pagal u\u017esakym\u0105 paie\u0161ka"},"content":{"rendered":"<!-- LiteSpeed Cache ESI Block for nonce -->\n        <script>\n        if (typeof bsrAjax === 'undefined') {\n            var bsrAjax = {\n                ajaxurl: 'https:\/\/book-a-book.eu\/wp-admin\/admin-ajax.php',\n                nonce: '27778f7a5c',\n                shopUrl: 'https:\/\/book-a-book.eu\/lt\/?s='\n            };\n        }\n        <\/script>\n        <div class=\"bsr-container\">\n\n            <!-- Intro text -->\n            <div class=\"bsr-intro\">\n                <h2 class=\"bsr-intro-heading\">Knyg\u0173 pagal u\u017esakym\u0105 paie\u0161ka<\/h2>\n\n                <div class=\"bsr-intro-columns\">\n                    <div class=\"bsr-intro-col\">\n                        <p>Nematote reikiamos knygos kataloge? Mes pad\u0117sime \u2013 pas mus dirba specialistai, kurie r\u016bpinasi knyg\u0173 pagal u\u017esakym\u0105 paie\u0161ka.<\/p>\n                        <p>I\u0161si\u0173skite u\u017eklaus\u0105 per kontaktin\u0119 form\u0105 \u0161ioje puslapio dalyje. Pra\u0161ome kuo detaliau apib\u016bdinti, ko ie\u0161kote (autorius, pavadinimas, metai, leidykla, kalba, ISBN ir kiti duomenys). Jei reikia, galite prid\u0117ti paveiksl\u0117l\u012f. U\u017epildykite form\u0105 \u017eemiau ir paspauskite \u201eSi\u0173sti\u201c.<\/p>\n                        <p>Jeigu jums reikia u\u017esakyti kelias knygas, naudokite mygtuk\u0105 <strong>\u201ePRID\u0116TI KNYG\u0104\u201c<\/strong> \u2013 atsiras papildomi laukai kiekvienai pozicijai.<\/p>\n                    <\/div>\n                    <div class=\"bsr-intro-col\">\n                        <p>I\u0161siuntus u\u017eklaus\u0105 gausite automatin\u012f patvirtinim\u0105. \u012e j\u012f atsakyti nereikia.<\/p>\n                        <p>Per 5 darbo dienas m\u016bs\u0173 vadybininkas susisieks su jumis el. pa\u0161tu ir patikslins kain\u0105 bei pristatymo terminus. Visos kainos nurodomos eurais. Kliento kortel\u0117s Homo Sapiens nuolaida galioja ir knygoms pagal u\u017esakym\u0105.<\/p>\n                        <p>Jei si\u016blomos s\u0105lygos jums netinka \u2013 tiesiog galite atsisakyti. U\u017eklausos pateikimas j\u016bs\u0173 niekuo ne\u012fpareigoja.<\/p>\n                    <\/div>\n                <\/div>\n\n                <div class=\"bsr-intro-notice\">\n                    <h4>ATKREIPKITE D\u0116MES\u012e:<\/h4>\n                    <p>U\u017eklausos apdorojamos darbo dienomis nuo <strong>9:00 iki 17:00<\/strong> ( pagal Lietuvos laik\u0105, UTC+2 ).<br>\n                    U\u017eklausos, pateiktos <strong>savaitgaliais<\/strong>, pradeda b\u016bti apdorojamos <strong>pirmadien\u012f<\/strong>.<\/p>\n                <\/div>\n            <\/div>\n\n            <!-- Search section -->\n            <div class=\"bsr-search-section\">\n                <h3 class=\"bsr-section-title bsr-search-title\">PABANDYKITE PIRMAI PAIE\u0160KOTI<\/h3>\n                <p class=\"bsr-search-subtitle\">Galb\u016bt pas mus jau yra tai, ko ie\u0161kote.<\/p>\n                <div class=\"bsr-search-bar\">\n                    <input type=\"text\" id=\"bsr-search-input\" placeholder=\"Knyga, autorius, ISBN, leidykla...\" \/>\n                    <button type=\"button\" id=\"bsr-search-btn\" class=\"bsr-btn-search\">\n                        <svg xmlns=\"http:\/\/www.w3.org\/2000\/svg\" width=\"16\" height=\"16\" viewbox=\"0 0 24 24\" fill=\"none\" stroke=\"currentColor\" stroke-width=\"2.5\"><circle cx=\"11\" cy=\"11\" r=\"8\"\/><path d=\"m21 21-4.35-4.35\"\/><\/svg>\n                    <\/button>\n                <\/div>\n            <\/div>\n\n            <!-- Main form -->\n            <div class=\"bsr-form-section\">\n                <h2 class=\"bsr-form-heading\">NERASTA? I\u0160SI\u0172SKITE U\u017dKLAUS\u0104<\/h2>\n\n                <form id=\"bsr-request-form\" enctype=\"multipart\/form-data\" action=\"\">\n                    \n                    <!-- Personal details -->\n                    <div class=\"bsr-personal-section\">\n                        <div class=\"bsr-row\">\n                            <div class=\"bsr-col\">\n                                <label for=\"bsr-name\">Koks j\u016bs\u0173 vardas? <span class=\"bsr-required\">*<\/span><\/label>\n                                <input type=\"text\" id=\"bsr-name\" name=\"customer_name\" value=\"\" required \/>\n                            <\/div>\n                            <div class=\"bsr-col\">\n                                <label for=\"bsr-email\">Email <span class=\"bsr-required\">*<\/span><\/label>\n                                <input type=\"email\" id=\"bsr-email\" name=\"customer_email\" value=\"\" required \/>\n                            <\/div>\n                        <\/div>\n                        <div class=\"bsr-row\">\n                            <div class=\"bsr-col\">\n                                <label for=\"bsr-phone\">Telefonas <span class=\"bsr-required\">*<\/span><\/label>\n                                <input type=\"tel\" id=\"bsr-phone\" name=\"customer_phone\" value=\"\" required \/>\n                            <\/div>\n                            <div class=\"bsr-col\">\n                                <label for=\"bsr-country\">Pristatymo \u0161alis<\/label>\n                                <select id=\"bsr-country\" name=\"delivery_country\">\n                                    <option value=\"\">\u2014 \u0412\u044b\u0431\u0435\u0440\u0438\u0442\u0435 \u0441\u0442\u0440\u0430\u043d\u0443 \u2014<\/option>\n                                    <option value=\"LT\" selected>Lietuva<\/option>\n                                    <option value=\"LV\">Latvija<\/option>\n                                    <option value=\"EE\">Estija<\/option>\n                                    <option value=\"PL\">Lenkija<\/option>\n                                    <option value=\"DE\">Vokietija<\/option>\n                                    <option value=\"FR\">Pranc\u016bzija<\/option>\n                                    <option value=\"ES\">Ispanija<\/option>\n                                    <option value=\"IT\">Italija<\/option>\n                                    <option value=\"GB\">\u0412\u0435\u043b\u0438\u043a\u043e\u0431\u0440\u0438\u0442\u0430\u043d\u0438\u044f<\/option>\n                                    <option value=\"US\">\u0421\u0428\u0410<\/option>\n                                    <option value=\"RU\">\u0420\u043e\u0441\u0441\u0438\u044f<\/option>\n                                    <option value=\"BY\">\u0411\u0435\u043b\u0430\u0440\u0443\u0441\u044c<\/option>\n                                    <option value=\"UA\">\u0423\u043a\u0440\u0430\u0438\u043d\u0430<\/option>\n                                    <option value=\"KZ\">\u041a\u0430\u0437\u0430\u0445\u0441\u0442\u0430\u043d<\/option>\n                                    <option value=\"OTHER\">\u0414\u0440\u0443\u0433\u0430\u044f \u0441\u0442\u0440\u0430\u043d\u0430<\/option>\n                                <\/select>\n                            <\/div>\n                        <\/div>\n                    <\/div>\n\n                    <!-- Books section -->\n                    <div id=\"bsr-books-container\">\n                        <div class=\"bsr-book-entry\" data-index=\"0\">\n                            <h3 class=\"bsr-section-title bsr-book-title\">INFORMACIJA APIE KNYG\u0104<\/h3>\n                            \n                            <div class=\"bsr-row\">\n                                <div class=\"bsr-col\">\n                                    <label>Knygos pavadinimas <span class=\"bsr-required\">*<\/span><\/label>\n                                    <input type=\"text\" name=\"books[0][title]\" required \/>\n                                <\/div>\n                                <div class=\"bsr-col\">\n                                    <label>Knygos autorius<\/label>\n                                    <input type=\"text\" name=\"books[0][author]\" \/>\n                                <\/div>\n                            <\/div>\n                            <div class=\"bsr-row\">\n                                <div class=\"bsr-col\">\n                                    <label>Leidykla<\/label>\n                                    <input type=\"text\" name=\"books[0][publisher]\" \/>\n                                <\/div>\n                                <div class=\"bsr-col\">\n                                    <label>Taip pat galite prid\u0117ti paveiksl\u0117l\u012f<\/label>\n                                    <div class=\"bsr-upload-area\" data-index=\"0\">\n                                        <input type=\"file\" name=\"books_image_0\" accept=\"image\/*\" class=\"bsr-file-input\" \/>\n                                        <div class=\"bsr-upload-placeholder\">\n                                            <svg xmlns=\"http:\/\/www.w3.org\/2000\/svg\" width=\"24\" height=\"24\" viewbox=\"0 0 24 24\" fill=\"none\" stroke=\"currentColor\" stroke-width=\"1.5\"><path d=\"M21 15v4a2 2 0 0 1-2 2H5a2 2 0 0 1-2-2v-4\"\/><polyline points=\"17,8 12,3 7,8\"\/><line x1=\"12\" y1=\"3\" x2=\"12\" y2=\"15\"\/><\/svg>\n                                            <span>\u041f\u0435\u0440\u0435\u0442\u0430\u0449\u0438\u0442\u0435 \u0444\u0430\u0439\u043b \u0441\u044e\u0434\u0430 \u0438\u043b\u0438 \u043d\u0430\u0436\u043c\u0438\u0442\u0435 \u0434\u043b\u044f \u0432\u044b\u0431\u043e\u0440\u0430<\/span>\n                                        <\/div>\n                                        <div class=\"bsr-file-preview\" style=\"display:none;\">\n                                            <img decoding=\"async\" src=\"\" alt=\"Preview\" \/>\n                                            <button type=\"button\" class=\"bsr-remove-file\">&times;<\/button>\n                                        <\/div>\n                                    <\/div>\n                                <\/div>\n                            <\/div>\n                            <div class=\"bsr-row bsr-row-full\">\n                                <label>Bet kokie papildomi duomenys<\/label>\n                                <textarea name=\"books[0][notes]\" rows=\"4\" placeholder=\"ISBN, leidimo metai, kalba, ypatingi pageidavimai...\"><\/textarea>\n                            <\/div>\n                        <\/div>\n                    <\/div>\n\n                    <!-- Add more books -->\n                    <div class=\"bsr-add-book-row\">\n                        <a href=\"#\" id=\"bsr-add-book\" class=\"bsr-add-book-link\">PRID\u0116TI KNYG\u0104 +<\/a>\n                    <\/div>\n\n                    <!-- Privacy & Submit -->\n                    <div class=\"bsr-submit-section\">\n                        <div class=\"bsr-privacy-note\">\n                            <label class=\"bsr-checkbox-label\">\n                                <input type=\"checkbox\" name=\"privacy_consent\" id=\"bsr-privacy\" required \/>\n                                <span>Sutinku, kad mano asmens duomenys b\u016bt\u0173 tvarkomi pagal <a href=\"\/lt\/privacy-policy\/\" target=\"_blank\">privatumo politik\u0105<\/a><\/span>\n                            <\/label>\n                        <\/div>\n                        <button type=\"submit\" id=\"bsr-submit-btn\" class=\"bsr-btn-submit\">SI\u0172STI<\/button>\n                        <div id=\"bsr-form-message\" class=\"bsr-form-message\" style=\"display:none;\"><\/div>\n                    <\/div>\n\n                <input type=\"hidden\" name=\"trp-form-language\" value=\"lt\"\/><\/form>\n            <\/div>\n        <\/div>","protected":false},"excerpt":{"rendered":"\u041f\u043e\u0438\u0441\u043a \u043a\u043d\u0438\u0433 \u043f\u043e\u0434 \u0437\u0430\u043a\u0430\u0437 \u041d\u0435 \u0432\u0438\u0434\u0438\u0442\u0435 \u043d\u0443\u0436\u043d\u0443\u044e \u043a\u043d\u0438\u0433\u0443 \u0432 \u043a\u0430\u0442\u0430\u043b\u043e\u0433\u0435? \u041c\u044b \u043f\u043e\u043c\u043e\u0436\u0435\u043c \u2014 \u0443 \u043d\u0430\u0441 \u0435\u0441\u0442\u044c \u0441\u043f\u0435\u0446\u0438\u0430\u043b\u0438\u0441\u0442\u044b, \u043a\u043e\u0442\u043e\u0440\u044b\u0435 \u0437\u0430\u043d\u0438\u043c\u0430\u044e\u0442\u0441\u044f \u043f\u043e\u0438\u0441\u043a\u043e\u043c","protected":false},"author":1,"featured_media":0,"parent":0,"menu_order":0,"comment_status":"closed","ping_status":"closed","template":"","meta":{"footnotes":""},"class_list":["post-403741","page","type-page","status-publish","hentry"],"yoast_head":"<!-- This site is optimized with the Yoast SEO plugin v26.9 - https:\/\/yoast.com\/product\/yoast-seo-wordpress\/ -->\n<title>\u041f\u043e\u0438\u0441\u043a \u043a\u043d\u0438\u0433 \u043f\u043e\u0434 \u0437\u0430\u043a\u0430\u0437 - book-a-book.eu<\/title>\n<meta name=\"robots\" content=\"noindex, follow, max-snippet:-1, max-image-preview:large, max-video-preview:-1\" \/>\n<meta property=\"og:locale\" content=\"lt_LT\" \/>\n<meta property=\"og:type\" content=\"article\" \/>\n<meta property=\"og:title\" content=\"\u041f\u043e\u0438\u0441\u043a \u043a\u043d\u0438\u0433 \u043f\u043e\u0434 \u0437\u0430\u043a\u0430\u0437 - book-a-book.eu\" \/>\n<meta property=\"og:url\" content=\"https:\/\/book-a-book.eu\/lt\/poisk-knig-pod-zakaz\/\" \/>\n<meta property=\"og:site_name\" content=\"book-a-book.eu\" \/>\n<meta property=\"article:modified_time\" content=\"2026-02-14T13:21:09+00:00\" \/>\n<meta name=\"twitter:card\" content=\"summary_large_image\" \/>\n<script type=\"application\/ld+json\" class=\"yoast-schema-graph\">{\"@context\":\"https:\/\/schema.org\",\"@graph\":[{\"@type\":\"WebPage\",\"@id\":\"https:\/\/book-a-book.eu\/poisk-knig-pod-zakaz\/\",\"url\":\"https:\/\/book-a-book.eu\/poisk-knig-pod-zakaz\/\",\"name\":\"\u041f\u043e\u0438\u0441\u043a \u043a\u043d\u0438\u0433 \u043f\u043e\u0434 \u0437\u0430\u043a\u0430\u0437 - book-a-book.eu\",\"isPartOf\":{\"@id\":\"https:\/\/book-a-book.eu\/#website\"},\"datePublished\":\"2026-02-14T13:14:57+00:00\",\"dateModified\":\"2026-02-14T13:21:09+00:00\",\"breadcrumb\":{\"@id\":\"https:\/\/book-a-book.eu\/poisk-knig-pod-zakaz\/#breadcrumb\"},\"inLanguage\":\"lt-LT\",\"potentialAction\":[{\"@type\":\"ReadAction\",\"target\":[\"https:\/\/book-a-book.eu\/poisk-knig-pod-zakaz\/\"]}]},{\"@type\":\"BreadcrumbList\",\"@id\":\"https:\/\/book-a-book.eu\/poisk-knig-pod-zakaz\/#breadcrumb\",\"itemListElement\":[{\"@type\":\"ListItem\",\"position\":1,\"name\":\"\u0413\u043b\u0430\u0432\u043d\u0430\u044f \u0441\u0442\u0440\u0430\u043d\u0438\u0446\u0430\",\"item\":\"https:\/\/book-a-book.eu\/\"},{\"@type\":\"ListItem\",\"position\":2,\"name\":\"\u041f\u043e\u0438\u0441\u043a \u043a\u043d\u0438\u0433 \u043f\u043e\u0434 \u0437\u0430\u043a\u0430\u0437\"}]},{\"@type\":\"WebSite\",\"@id\":\"https:\/\/book-a-book.eu\/#website\",\"url\":\"https:\/\/book-a-book.eu\/\",\"name\":\"book-a-book.eu\",\"description\":\"\",\"potentialAction\":[{\"@type\":\"SearchAction\",\"target\":{\"@type\":\"EntryPoint\",\"urlTemplate\":\"https:\/\/book-a-book.eu\/?s={search_term_string}\"},\"query-input\":{\"@type\":\"PropertyValueSpecification\",\"valueRequired\":true,\"valueName\":\"search_term_string\"}}],\"inLanguage\":\"lt-LT\"}]}<\/script>\n<!-- \/ Yoast SEO plugin. -->","yoast_head_json":{"title":"\u041f\u043e\u0438\u0441\u043a \u043a\u043d\u0438\u0433 \u043f\u043e\u0434 \u0437\u0430\u043a\u0430\u0437 - book-a-book.eu","robots":{"index":"noindex","follow":"follow","max-snippet":"max-snippet:-1","max-image-preview":"max-image-preview:large","max-video-preview":"max-video-preview:-1"},"og_locale":"lt_LT","og_type":"article","og_title":"\u041f\u043e\u0438\u0441\u043a \u043a\u043d\u0438\u0433 \u043f\u043e\u0434 \u0437\u0430\u043a\u0430\u0437 - book-a-book.eu","og_url":"https:\/\/book-a-book.eu\/lt\/poisk-knig-pod-zakaz\/","og_site_name":"book-a-book.eu","article_modified_time":"2026-02-14T13:21:09+00:00","twitter_card":"summary_large_image","schema":{"@context":"https:\/\/schema.org","@graph":[{"@type":"WebPage","@id":"https:\/\/book-a-book.eu\/poisk-knig-pod-zakaz\/","url":"https:\/\/book-a-book.eu\/poisk-knig-pod-zakaz\/","name":"\u041f\u043e\u0438\u0441\u043a \u043a\u043d\u0438\u0433 \u043f\u043e\u0434 \u0437\u0430\u043a\u0430\u0437 - book-a-book.eu","isPartOf":{"@id":"https:\/\/book-a-book.eu\/#website"},"datePublished":"2026-02-14T13:14:57+00:00","dateModified":"2026-02-14T13:21:09+00:00","breadcrumb":{"@id":"https:\/\/book-a-book.eu\/poisk-knig-pod-zakaz\/#breadcrumb"},"inLanguage":"lt-LT","potentialAction":[{"@type":"ReadAction","target":["https:\/\/book-a-book.eu\/poisk-knig-pod-zakaz\/"]}]},{"@type":"BreadcrumbList","@id":"https:\/\/book-a-book.eu\/poisk-knig-pod-zakaz\/#breadcrumb","itemListElement":[{"@type":"ListItem","position":1,"name":"\u0413\u043b\u0430\u0432\u043d\u0430\u044f \u0441\u0442\u0440\u0430\u043d\u0438\u0446\u0430","item":"https:\/\/book-a-book.eu\/"},{"@type":"ListItem","position":2,"name":"\u041f\u043e\u0438\u0441\u043a \u043a\u043d\u0438\u0433 \u043f\u043e\u0434 \u0437\u0430\u043a\u0430\u0437"}]},{"@type":"WebSite","@id":"https:\/\/book-a-book.eu\/#website","url":"https:\/\/book-a-book.eu\/","name":"book-a-book.eu","description":"","potentialAction":[{"@type":"SearchAction","target":{"@type":"EntryPoint","urlTemplate":"https:\/\/book-a-book.eu\/?s={search_term_string}"},"query-input":{"@type":"PropertyValueSpecification","valueRequired":true,"valueName":"search_term_string"}}],"inLanguage":"lt-LT"}]}},"_hostinger_reach_plugin_has_subscription_block":false,"_hostinger_reach_plugin_is_elementor":false,"_links":{"self":[{"href":"https:\/\/book-a-book.eu\/lt\/wp-json\/wp\/v2\/pages\/403741","targetHints":{"allow":["GET"]}}],"collection":[{"href":"https:\/\/book-a-book.eu\/lt\/wp-json\/wp\/v2\/pages"}],"about":[{"href":"https:\/\/book-a-book.eu\/lt\/wp-json\/wp\/v2\/types\/page"}],"author":[{"embeddable":true,"href":"https:\/\/book-a-book.eu\/lt\/wp-json\/wp\/v2\/users\/1"}],"replies":[{"embeddable":true,"href":"https:\/\/book-a-book.eu\/lt\/wp-json\/wp\/v2\/comments?post=403741"}],"version-history":[{"count":1,"href":"https:\/\/book-a-book.eu\/lt\/wp-json\/wp\/v2\/pages\/403741\/revisions"}],"predecessor-version":[{"id":403742,"href":"https:\/\/book-a-book.eu\/lt\/wp-json\/wp\/v2\/pages\/403741\/revisions\/403742"}],"wp:attachment":[{"href":"https:\/\/book-a-book.eu\/lt\/wp-json\/wp\/v2\/media?parent=403741"}],"curies":[{"name":"wp","href":"https:\/\/api.w.org\/{rel}","templated":true}]}}